{"id":954,"date":"2022-08-23T11:52:28","date_gmt":"2022-08-23T11:52:28","guid":{"rendered":"https:\/\/centre-mere-enfant.gvp-masar-rdc.org\/?page_id=954"},"modified":"2022-08-25T09:53:35","modified_gmt":"2022-08-25T09:53:35","slug":"suivi-des-grossesses-en-ligne","status":"publish","type":"page","link":"https:\/\/centre-mere-enfant.gvp-masar-rdc.org\/index.php\/suivi-des-grossesses-en-ligne\/","title":{"rendered":"Suivi des grossesses en ligne"},"content":{"rendered":"\t\t<div data-elementor-type=\"wp-page\" data-elementor-id=\"954\" class=\"elementor elementor-954\">\n\t\t\t\t\t\t<section class=\"elementor-section elementor-top-section elementor-element elementor-element-5212f7b3 elementor-section-boxed elementor-section-height-default elementor-section-height-default\" data-id=\"5212f7b3\" data-element_type=\"section\" data-e-type=\"section\">\n\t\t\t\t\t\t<div class=\"elementor-container elementor-column-gap-default\">\n\t\t\t\t\t<div class=\"elementor-column elementor-col-100 elementor-top-column elementor-element elementor-element-34aa0d1e\" data-id=\"34aa0d1e\" data-element_type=\"column\" data-e-type=\"column\">\n\t\t\t<div class=\"elementor-widget-wrap elementor-element-populated\">\n\t\t\t\t\t\t<div class=\"elementor-element elementor-element-91e60da elementor-widget elementor-widget-text-editor\" data-id=\"91e60da\" data-element_type=\"widget\" data-e-type=\"widget\" data-widget_type=\"text-editor.default\">\n\t\t\t\t<div class=\"elementor-widget-container\">\n\t\t\t\t\t\t\t\t\t<p><\/p>\n<figure><img decoding=\"async\" src=\"https:\/\/centre-mere-enfant.gvp-masar-rdc.org\/wp-content\/uploads\/2022\/08\/DSC_003333-1024x683.jpg\" alt=\"\" \/><\/figure>\n<p><\/p>\n<p><strong><em>JamboMama!<\/em><\/strong><strong>\u00a0c\u2019est qui, c\u2019est quoi ?<\/strong><\/p>\n<p><\/p>\n<p align=\"justify\"><strong>\u2018Jambo Mama\u2019 signifie \u2018Bonjour maman\u2019 ou \u2018Bonjour madame\u2019 en Swahili. C\u2019est \u00e9galement le nom du premier projet de notre partenaire \u00ab\u00a0Acc\u00e8s Intelligent \u00e0 la Sant\u00e9 Pour Tous\u00a0\u00bb ou, en abr\u00e9g\u00e9 tir\u00e9 de l\u2019anglais, SAHFA.<\/strong><\/p>\n<p><\/p>\n<p><em>JamboMama!<\/em>\u00a0est un projet qui ne manque pas d\u2019ambition. En effet, SAHFA cherche \u00e0 atteindre les personnes les plus vuln\u00e9rables, car souvent pauvres, isol\u00e9es et oubli\u00e9es : les femmes enceintes des zones rurales des pays en d\u00e9veloppement, vivant loin des services de sant\u00e9 de qualit\u00e9.<\/p>\n<p><\/p>\n<p align=\"justify\">SAHFA met \u00e0 notre disposition une application interactive pour smartphone nomm\u00e9e\u00a0<em>JamboMama!<\/em>* Cette application connectera les femmes (et leurs communaut\u00e9s) avec des professionnels de la sant\u00e9 p\u00e9rinatale (et le syst\u00e8me sanitaire qui les emploie).<\/p>\n<p align=\"justify\">Il est de notre responsabilit\u00e9 de vulgariser cette application dans tout le territoire de la RD Congo afin que toutes les femmes enceintes (surtout celles des zones rurales) qui ont acc\u00e8s difficile aux soins de sant\u00e9 de qualit\u00e9 soient surveill\u00e9es r\u00e9guli\u00e8rement. Elles seront plus en s\u00e9curit\u00e9, plus confiantes et habilit\u00e9es avec des informations et des conseils pertinents, et capables de mieux g\u00e9rer leurs besoins de sant\u00e9 pendant la grossesse.<\/p>\n<p><\/p>\n<p><img decoding=\"async\" class=\"alignnone size-full wp-image-1070\" src=\"https:\/\/centre-mere-enfant.gvp-masar-rdc.org\/wp-content\/uploads\/2022\/08\/Logo-SAHFA.png\" alt=\"\" width=\"300\" height=\"100\" \/><\/p>\n<p><\/p>\n<p>Cliquez sur ce lien pour avoir <a href=\"https:\/\/www.4shared.com\/s\/feS_fVjwDea\">la version Android de l\u2019application JamboMama!<\/a><\/p>\n<p><\/p>\n<p align=\"justify\">Sachez que la possession de cette derni\u00e8re ne garantit pas son utilisation. Si vous souhaiter l\u2019Utiliser, n\u2019h\u00e9sitez de contacter le <strong>Centre M\u00e9dical M\u00e8re-Enfant<\/strong> \u00e0 travers le formulaire de Contact sur notre site web ou au num\u00e9ro suivant\u00a0: +243\u00a0853\u00a0162\u00a0700.<\/p>\n<p><\/p>\n<p><a href=\"https:\/\/fr.smartaccesstohealthforall.org\/pourquoi\/\"><strong>Pourquoi JamboMama!<\/strong><\/a><\/p>\n<p><\/p>\n<p><a href=\"https:\/\/fr.smartaccesstohealthforall.org\/comment\/\"><strong>Comment!<\/strong><\/a><\/p>\n<p>Voulez-vous en savoir plus? Visitez le site web: <a href=\"http:\/\/www.sahfa.org\/\">www.sahfa.org<\/a><\/p>\n<p><\/p>\t\t\t\t\t\t\t\t<\/div>\n\t\t\t\t<\/div>\n\t\t\t\t\t<\/div>\n\t\t<\/div>\n\t\t\t\t\t<\/div>\n\t\t<\/section>\n\t\t\t\t<section class=\"elementor-section elementor-top-section elementor-element elementor-element-ac08bb8 elementor-section-boxed elementor-section-height-default elementor-section-height-default\" data-id=\"ac08bb8\" data-element_type=\"section\" data-e-type=\"section\">\n\t\t\t\t\t\t<div class=\"elementor-container elementor-column-gap-default\">\n\t\t\t\t\t<div class=\"elementor-column elementor-col-100 elementor-top-column elementor-element elementor-element-d3619da\" data-id=\"d3619da\" data-element_type=\"column\" data-e-type=\"column\">\n\t\t\t<div class=\"elementor-widget-wrap elementor-element-populated\">\n\t\t\t\t\t\t<div class=\"elementor-element elementor-element-d41376c elementor-widget elementor-widget-image\" data-id=\"d41376c\" data-element_type=\"widget\" data-e-type=\"widget\" data-widget_type=\"image.default\">\n\t\t\t\t<div class=\"elementor-widget-container\">\n\t\t\t\t\t\t\t\t\t\t\t\t\t\t\t<img decoding=\"async\" width=\"300\" height=\"100\" src=\"https:\/\/centre-mere-enfant.gvp-masar-rdc.org\/wp-content\/uploads\/2022\/08\/Logo-SAHFA.png\" class=\"attachment-large size-large wp-image-1070\" alt=\"\" \/>\t\t\t\t\t\t\t\t\t\t\t\t\t\t\t<\/div>\n\t\t\t\t<\/div>\n\t\t\t\t\t<\/div>\n\t\t<\/div>\n\t\t\t\t\t<\/div>\n\t\t<\/section>\n\t\t\t\t<\/div>\n\t\t","protected":false},"excerpt":{"rendered":"<p>JamboMama!\u00a0c\u2019est qui, c\u2019est quoi ? \u2018Jambo Mama\u2019 signifie \u2018Bonjour maman\u2019 ou \u2018Bonjour madame\u2019 en Swahili. C\u2019est \u00e9galement le nom du premier projet de notre partenaire \u00ab\u00a0Acc\u00e8s Intelligent \u00e0 la Sant\u00e9 Pour Tous\u00a0\u00bb ou, en abr\u00e9g\u00e9 tir\u00e9 de l\u2019anglais, SAHFA. JamboMama!\u00a0est un projet qui ne manque pas d\u2019ambition. En effet, SAHFA cherche \u00e0 atteindre les personnes les plus vuln\u00e9rables, car souvent&#8230;<\/p>\n","protected":false},"author":1,"featured_media":0,"parent":0,"menu_order":0,"comment_status":"closed","ping_status":"closed","template":"","meta":{"give_campaign_id":0,"om_disable_all_campaigns":false,"_monsterinsights_skip_tracking":false,"_monsterinsights_sitenote_active":false,"_monsterinsights_sitenote_note":"","_monsterinsights_sitenote_category":0,"footnotes":""},"class_list":["post-954","page","type-page","status-publish","hentry"],"aioseo_notices":[],"campaignId":"","_links":{"self":[{"href":"https:\/\/centre-mere-enfant.gvp-masar-rdc.org\/index.php\/wp-json\/wp\/v2\/pages\/954","targetHints":{"allow":["GET"]}}],"collection":[{"href":"https:\/\/centre-mere-enfant.gvp-masar-rdc.org\/index.php\/wp-json\/wp\/v2\/pages"}],"about":[{"href":"https:\/\/centre-mere-enfant.gvp-masar-rdc.org\/index.php\/wp-json\/wp\/v2\/types\/page"}],"author":[{"embeddable":true,"href":"https:\/\/centre-mere-enfant.gvp-masar-rdc.org\/index.php\/wp-json\/wp\/v2\/users\/1"}],"replies":[{"embeddable":true,"href":"https:\/\/centre-mere-enfant.gvp-masar-rdc.org\/index.php\/wp-json\/wp\/v2\/comments?post=954"}],"version-history":[{"count":25,"href":"https:\/\/centre-mere-enfant.gvp-masar-rdc.org\/index.php\/wp-json\/wp\/v2\/pages\/954\/revisions"}],"predecessor-version":[{"id":1074,"href":"https:\/\/centre-mere-enfant.gvp-masar-rdc.org\/index.php\/wp-json\/wp\/v2\/pages\/954\/revisions\/1074"}],"wp:attachment":[{"href":"https:\/\/centre-mere-enfant.gvp-masar-rdc.org\/index.php\/wp-json\/wp\/v2\/media?parent=954"}],"curies":[{"name":"wp","href":"https:\/\/api.w.org\/{rel}","templated":true}]}}