{"id":947,"date":"2022-08-23T10:28:41","date_gmt":"2022-08-23T10:28:41","guid":{"rendered":"https:\/\/centre-mere-enfant.gvp-masar-rdc.org\/?page_id=947"},"modified":"2022-08-23T10:32:02","modified_gmt":"2022-08-23T10:32:02","slug":"soins-complets-complets-de-sante-de-la-reproduction","status":"publish","type":"page","link":"https:\/\/centre-mere-enfant.gvp-masar-rdc.org\/index.php\/soins-complets-complets-de-sante-de-la-reproduction\/","title":{"rendered":"Soins complets complets de sant\u00e9 de la reproduction"},"content":{"rendered":"\t\t<div data-elementor-type=\"wp-page\" data-elementor-id=\"947\" class=\"elementor elementor-947\">\n\t\t\t\t\t\t<section class=\"elementor-section elementor-top-section elementor-element elementor-element-24e4542b elementor-section-boxed elementor-section-height-default elementor-section-height-default\" data-id=\"24e4542b\" data-element_type=\"section\" data-e-type=\"section\">\n\t\t\t\t\t\t<div class=\"elementor-container elementor-column-gap-default\">\n\t\t\t\t\t<div class=\"elementor-column elementor-col-100 elementor-top-column elementor-element elementor-element-42197daa\" data-id=\"42197daa\" data-element_type=\"column\" data-e-type=\"column\">\n\t\t\t<div class=\"elementor-widget-wrap elementor-element-populated\">\n\t\t\t\t\t\t<div class=\"elementor-element elementor-element-51900414 elementor-widget elementor-widget-text-editor\" data-id=\"51900414\" data-element_type=\"widget\" data-e-type=\"widget\" data-widget_type=\"text-editor.default\">\n\t\t\t\t<div class=\"elementor-widget-container\">\n\t\t\t\t\t\t\t\t\t\n<figure class=\"wp-block-image size-large\"><img fetchpriority=\"high\" decoding=\"async\" width=\"1024\" height=\"683\" class=\"wp-image-948\" src=\"https:\/\/centre-mere-enfant.gvp-masar-rdc.org\/wp-content\/uploads\/2022\/08\/IMG-20220823-WA0008-1024x683.jpg\" alt=\"\" srcset=\"https:\/\/centre-mere-enfant.gvp-masar-rdc.org\/wp-content\/uploads\/2022\/08\/IMG-20220823-WA0008-1024x683.jpg 1024w, https:\/\/centre-mere-enfant.gvp-masar-rdc.org\/wp-content\/uploads\/2022\/08\/IMG-20220823-WA0008-300x200.jpg 300w, https:\/\/centre-mere-enfant.gvp-masar-rdc.org\/wp-content\/uploads\/2022\/08\/IMG-20220823-WA0008-768x512.jpg 768w, https:\/\/centre-mere-enfant.gvp-masar-rdc.org\/wp-content\/uploads\/2022\/08\/IMG-20220823-WA0008-600x400.jpg 600w, https:\/\/centre-mere-enfant.gvp-masar-rdc.org\/wp-content\/uploads\/2022\/08\/IMG-20220823-WA0008.jpg 1080w\" sizes=\"(max-width: 1024px) 100vw, 1024px\" \/><\/figure>\n\n\n\n<div align=\"justify\">\n<p>Le Centre M\u00e8re-Enfant offre un paquet d\u2019activit\u00e9s dans les 9 composantes de la sant\u00e9 sexuelle et reproductive \u00e0 savoir\u00a0:<\/p>\n\n\n\n<ol class=\"wp-block-list\" type=\"1\">\n<li>Maternit\u00e9 \u00e0 moindre risque (MMR) : Soins pr\u00e9natals ; accouchements sans risque, soins essentiels en cas de complications obst\u00e9tricales ; soins aux nouveau-n\u00e9s, soins post-natals et allaitement maternel\u00a0;<\/li>\n<li>Information et service en mati\u00e8re de planification familiale (PF)\u00a0: Notre service de planning familial offre gratuitement toutes les m\u00e9thodes contraceptives modernes et assure un suivi permanent des clients et clientes\u00a0;<\/li>\n<li>Pr\u00e9vention et prise en charge de la st\u00e9rilit\u00e9 et des disfonctionnements sexuels tant chez l\u2019homme que chez la femme\u00a0: Nous sommes parmi les cliniques de r\u00e9f\u00e9rence pour le suivi des couples en d\u00e9sire de conception et les r\u00e9sultats sur terrain parlent d\u2019eux-m\u00eames\u00a0;<\/li>\n<li>Pr\u00e9vention et prise en charge des complications de l\u2019avortement\u00a0: Le Centre M\u00e8re-Enfant offre les soins complets d\u2019avortement selon les <strong>NORMES ET DIRECTIVES DES SOINS COMPLETS D\u2019AVORTEMENT CENTRES SUR LA FEMME EN RDC\u00a0;<\/strong><\/li>\n<li>Information des hommes en vue de leur implication dans la sant\u00e9 de la reproduction et leur Co-responsabilisation dans l\u2019am\u00e9lioration du r\u00f4le et du statut de la femme\u00a0;<\/li>\n<li>Pr\u00e9vention et prise en charge des infections g\u00e9nitales notamment les maladies sexuellement transmissibles (MST) y compris des infections \u00e0 VIH et du syndrome d\u2019immunod\u00e9ficience acquise (SIDA)\u00a0;<\/li>\n<li>Promotion d\u2019un d\u00e9veloppement sexuel sain par l\u2019encadrement des adolescents, l\u2019information et l\u2019\u00e9ducation concernant les rapports sexuels sans danger et responsables durant toute la vie et du respect mutuel entre sexes\u00a0: Un centre d\u2019encadrement et d\u2019\u00e9ducation sexuelle compl\u00e8te adapt\u00e9e aux jeunes et ados est ouvert 24h\/24 au centre M\u00e8re-Enfant\u00a0;<\/li>\n<li>Elimination des pratiques n\u00e9fastes telles que la mutilation sexuelle f\u00e9minine, le mariage pr\u00e9coce, la violence au foyer et la violence sexuelle \u00e0 l\u2019encontre des femmes. En collaboration IJEFA, le Centre M\u00e8re-Enfant encadre des jeunes pour la lutte contre les mariages pr\u00e9coces et la violence faite \u00e0 la femme sous toutes ses formes\u00a0;<\/li>\n<li>Prise en charge des \u00e9tats non infectieux de l\u2019appareil g\u00e9nital, tels que la fistule g\u00e9nitale, le cancer du col de l\u2019ut\u00e9rus, les complications des mutilations sexuelles f\u00e9minines et les probl\u00e8mes de sant\u00e9 de la reproduction associ\u00e9s \u00e0 la m\u00e9nopause. En collaboration avec ces partenaires, le Centre M\u00e8re-Enfant organise des campagnes de d\u00e9pistage et des diagnostics des maladies de l\u2019appareil g\u00e9nital comme la fistule uro-g\u00e9nitale, le cancer du col et de l\u2019ut\u00e9rus et oriente les malades pour des soins appropri\u00e9s dans les diff\u00e9rents centres de prise en charge.<\/li>\n<\/ol>\n\t\t\t\t\t\t\t\t<\/div>\n\t\t\t\t<\/div>\n\t\t\t\t\t<\/div>\n\t\t<\/div>\n\t\t\t\t\t<\/div>\n\t\t<\/section>\n\t\t\t\t<\/div>\n\t\t","protected":false},"excerpt":{"rendered":"<p>Le Centre M\u00e8re-Enfant offre un paquet d\u2019activit\u00e9s dans les 9 composantes de la sant\u00e9 sexuelle et reproductive \u00e0 savoir\u00a0: Maternit\u00e9 \u00e0 moindre risque (MMR) : Soins pr\u00e9natals ; accouchements sans risque, soins essentiels en cas de complications obst\u00e9tricales ; soins aux nouveau-n\u00e9s, soins post-natals et allaitement maternel\u00a0; Information et service en mati\u00e8re de planification familiale (PF)\u00a0: Notre service de planning&#8230;<\/p>\n","protected":false},"author":1,"featured_media":0,"parent":0,"menu_order":0,"comment_status":"closed","ping_status":"closed","template":"","meta":{"give_campaign_id":0,"om_disable_all_campaigns":false,"_monsterinsights_skip_tracking":false,"_monsterinsights_sitenote_active":false,"_monsterinsights_sitenote_note":"","_monsterinsights_sitenote_category":0,"footnotes":""},"class_list":["post-947","page","type-page","status-publish","hentry"],"aioseo_notices":[],"campaignId":"","_links":{"self":[{"href":"https:\/\/centre-mere-enfant.gvp-masar-rdc.org\/index.php\/wp-json\/wp\/v2\/pages\/947","targetHints":{"allow":["GET"]}}],"collection":[{"href":"https:\/\/centre-mere-enfant.gvp-masar-rdc.org\/index.php\/wp-json\/wp\/v2\/pages"}],"about":[{"href":"https:\/\/centre-mere-enfant.gvp-masar-rdc.org\/index.php\/wp-json\/wp\/v2\/types\/page"}],"author":[{"embeddable":true,"href":"https:\/\/centre-mere-enfant.gvp-masar-rdc.org\/index.php\/wp-json\/wp\/v2\/users\/1"}],"replies":[{"embeddable":true,"href":"https:\/\/centre-mere-enfant.gvp-masar-rdc.org\/index.php\/wp-json\/wp\/v2\/comments?post=947"}],"version-history":[{"count":4,"href":"https:\/\/centre-mere-enfant.gvp-masar-rdc.org\/index.php\/wp-json\/wp\/v2\/pages\/947\/revisions"}],"predecessor-version":[{"id":952,"href":"https:\/\/centre-mere-enfant.gvp-masar-rdc.org\/index.php\/wp-json\/wp\/v2\/pages\/947\/revisions\/952"}],"wp:attachment":[{"href":"https:\/\/centre-mere-enfant.gvp-masar-rdc.org\/index.php\/wp-json\/wp\/v2\/media?parent=947"}],"curies":[{"name":"wp","href":"https:\/\/api.w.org\/{rel}","templated":true}]}}