{"id":587,"date":"2022-08-09T19:27:21","date_gmt":"2022-08-09T19:27:21","guid":{"rendered":"https:\/\/centre-mere-enfant.gvp-masar-rdc.org\/?page_id=587"},"modified":"2022-08-18T17:59:54","modified_gmt":"2022-08-18T17:59:54","slug":"chirurgie-generale","status":"publish","type":"page","link":"https:\/\/centre-mere-enfant.gvp-masar-rdc.org\/index.php\/chirurgie-generale\/","title":{"rendered":"Chirurgie g\u00e9n\u00e9rale"},"content":{"rendered":"\t\t<div data-elementor-type=\"wp-page\" data-elementor-id=\"587\" class=\"elementor elementor-587\">\n\t\t\t\t\t\t<section class=\"elementor-section elementor-top-section elementor-element elementor-element-323c9b4b elementor-section-boxed elementor-section-height-default elementor-section-height-default\" data-id=\"323c9b4b\" data-element_type=\"section\" data-e-type=\"section\">\n\t\t\t\t\t\t<div class=\"elementor-container elementor-column-gap-default\">\n\t\t\t\t\t<div class=\"elementor-column elementor-col-100 elementor-top-column elementor-element elementor-element-7335887d\" data-id=\"7335887d\" data-element_type=\"column\" data-e-type=\"column\">\n\t\t\t<div class=\"elementor-widget-wrap elementor-element-populated\">\n\t\t\t\t\t\t<div class=\"elementor-element elementor-element-9914f09 elementor-widget elementor-widget-image\" data-id=\"9914f09\" data-element_type=\"widget\" data-e-type=\"widget\" data-widget_type=\"image.default\">\n\t\t\t\t<div class=\"elementor-widget-container\">\n\t\t\t\t\t\t\t\t\t\t\t\t\t\t\t<img fetchpriority=\"high\" decoding=\"async\" width=\"1536\" height=\"1024\" src=\"https:\/\/centre-mere-enfant.gvp-masar-rdc.org\/wp-content\/uploads\/2022\/08\/IMG_6006-1536x1024.jpg\" class=\"attachment-1536x1536 size-1536x1536 wp-image-824\" alt=\"\" srcset=\"https:\/\/centre-mere-enfant.gvp-masar-rdc.org\/wp-content\/uploads\/2022\/08\/IMG_6006-1536x1024.jpg 1536w, https:\/\/centre-mere-enfant.gvp-masar-rdc.org\/wp-content\/uploads\/2022\/08\/IMG_6006-300x200.jpg 300w, https:\/\/centre-mere-enfant.gvp-masar-rdc.org\/wp-content\/uploads\/2022\/08\/IMG_6006-1024x683.jpg 1024w, https:\/\/centre-mere-enfant.gvp-masar-rdc.org\/wp-content\/uploads\/2022\/08\/IMG_6006-768x512.jpg 768w, https:\/\/centre-mere-enfant.gvp-masar-rdc.org\/wp-content\/uploads\/2022\/08\/IMG_6006-2048x1365.jpg 2048w, https:\/\/centre-mere-enfant.gvp-masar-rdc.org\/wp-content\/uploads\/2022\/08\/IMG_6006-600x400.jpg 600w\" sizes=\"(max-width: 1536px) 100vw, 1536px\" \/>\t\t\t\t\t\t\t\t\t\t\t\t\t\t\t<\/div>\n\t\t\t\t<\/div>\n\t\t\t\t<div class=\"elementor-element elementor-element-2f7bbe5 elementor-widget elementor-widget-text-editor\" data-id=\"2f7bbe5\" data-element_type=\"widget\" data-e-type=\"widget\" data-widget_type=\"text-editor.default\">\n\t\t\t\t<div class=\"elementor-widget-container\">\n\t\t\t\t\t\t\t\t\t\n<p align=\"justify\">\nLa prise en charge des pathologies chirurgicales au <strong>Centre M\u00e9dical M\u00e8re-Enfant<\/strong> occupe une place importante parmi nos missions. Le service de Chirurgie est ouvert\u00a0<strong>24h\/24<\/strong>,\u00a0<strong>7 jours sur 7<\/strong>. Il dispose chaque jour d\u2019une \u00e9quipe de garde ainsi que d\u2019une \u00e9quipe d\u2019anesth\u00e9sie et de bloc op\u00e9ratoire. Les services de soins intensifs chirurgicaux et de r\u00e9animation permettent la prise en charge des patients les plus graves et d\u2019accueillir les urgences chirurgicales vitales 24h\/24.\n\n\n\n\n\nDes interventions chirurgicales diversifi\u00e9es sont r\u00e9alis\u00e9es dans des conditions optimales, par des \u00e9quipes \u00e0 l\u2019\u00e9coute des patients.\n\n\n\n\n\nLa modernit\u00e9 du bloc op\u00e9ratoire, la disponibilit\u00e9 et le savoir-faire du personnel du bloc op\u00e9ratoire permettent de r\u00e9pondre aux normes de s\u00e9curit\u00e9 et d\u2019hygi\u00e8ne les plus strictes. La prise en charge se fait en hospitalisation classique, en unit\u00e9 de soins intensifs en hospitalisation de jour ou en ambulatoire.\n\n\t\t\t\t\t\t\t\t<\/div>\n\t\t\t\t<\/div>\n\t\t\t\t\t<\/div>\n\t\t<\/div>\n\t\t\t\t\t<\/div>\n\t\t<\/section>\n\t\t\t\t<\/div>\n\t\t","protected":false},"excerpt":{"rendered":"<p>La prise en charge des pathologies chirurgicales au Centre M\u00e9dical M\u00e8re-Enfant occupe une place importante parmi nos missions. Le service de Chirurgie est ouvert\u00a024h\/24,\u00a07 jours sur 7. Il dispose chaque jour d\u2019une \u00e9quipe de garde ainsi que d\u2019une \u00e9quipe d\u2019anesth\u00e9sie et de bloc op\u00e9ratoire. Les services de soins intensifs chirurgicaux et de r\u00e9animation permettent la prise en charge des patients&#8230;<\/p>\n","protected":false},"author":1,"featured_media":0,"parent":0,"menu_order":0,"comment_status":"closed","ping_status":"closed","template":"","meta":{"give_campaign_id":0,"om_disable_all_campaigns":false,"_monsterinsights_skip_tracking":false,"_monsterinsights_sitenote_active":false,"_monsterinsights_sitenote_note":"","_monsterinsights_sitenote_category":0,"footnotes":""},"class_list":["post-587","page","type-page","status-publish","hentry"],"aioseo_notices":[],"campaignId":"","_links":{"self":[{"href":"https:\/\/centre-mere-enfant.gvp-masar-rdc.org\/index.php\/wp-json\/wp\/v2\/pages\/587","targetHints":{"allow":["GET"]}}],"collection":[{"href":"https:\/\/centre-mere-enfant.gvp-masar-rdc.org\/index.php\/wp-json\/wp\/v2\/pages"}],"about":[{"href":"https:\/\/centre-mere-enfant.gvp-masar-rdc.org\/index.php\/wp-json\/wp\/v2\/types\/page"}],"author":[{"embeddable":true,"href":"https:\/\/centre-mere-enfant.gvp-masar-rdc.org\/index.php\/wp-json\/wp\/v2\/users\/1"}],"replies":[{"embeddable":true,"href":"https:\/\/centre-mere-enfant.gvp-masar-rdc.org\/index.php\/wp-json\/wp\/v2\/comments?post=587"}],"version-history":[{"count":4,"href":"https:\/\/centre-mere-enfant.gvp-masar-rdc.org\/index.php\/wp-json\/wp\/v2\/pages\/587\/revisions"}],"predecessor-version":[{"id":827,"href":"https:\/\/centre-mere-enfant.gvp-masar-rdc.org\/index.php\/wp-json\/wp\/v2\/pages\/587\/revisions\/827"}],"wp:attachment":[{"href":"https:\/\/centre-mere-enfant.gvp-masar-rdc.org\/index.php\/wp-json\/wp\/v2\/media?parent=587"}],"curies":[{"name":"wp","href":"https:\/\/api.w.org\/{rel}","templated":true}]}}