{"id":582,"date":"2022-08-09T19:07:17","date_gmt":"2022-08-09T19:07:17","guid":{"rendered":"https:\/\/centre-mere-enfant.gvp-masar-rdc.org\/?page_id=582"},"modified":"2022-08-18T20:07:43","modified_gmt":"2022-08-18T20:07:43","slug":"pediatrie","status":"publish","type":"page","link":"https:\/\/centre-mere-enfant.gvp-masar-rdc.org\/index.php\/pediatrie\/","title":{"rendered":"P\u00e9diatrie"},"content":{"rendered":"\t\t<div data-elementor-type=\"wp-page\" data-elementor-id=\"582\" class=\"elementor elementor-582\">\n\t\t\t\t\t\t<section class=\"elementor-section elementor-top-section elementor-element elementor-element-6373eb92 elementor-section-boxed elementor-section-height-default elementor-section-height-default\" data-id=\"6373eb92\" data-element_type=\"section\" data-e-type=\"section\">\n\t\t\t\t\t\t<div class=\"elementor-container elementor-column-gap-default\">\n\t\t\t\t\t<div class=\"elementor-column elementor-col-100 elementor-top-column elementor-element elementor-element-64e76975\" data-id=\"64e76975\" data-element_type=\"column\" data-e-type=\"column\">\n\t\t\t<div class=\"elementor-widget-wrap elementor-element-populated\">\n\t\t\t\t\t\t<div class=\"elementor-element elementor-element-9383b8a elementor-widget elementor-widget-image\" data-id=\"9383b8a\" data-element_type=\"widget\" data-e-type=\"widget\" data-widget_type=\"image.default\">\n\t\t\t\t<div class=\"elementor-widget-container\">\n\t\t\t\t\t\t\t\t\t\t\t\t\t\t\t<img fetchpriority=\"high\" decoding=\"async\" width=\"1536\" height=\"1152\" src=\"https:\/\/centre-mere-enfant.gvp-masar-rdc.org\/wp-content\/uploads\/2022\/08\/IMG_4563-1-1536x1152.jpg\" class=\"attachment-1536x1536 size-1536x1536 wp-image-899\" alt=\"\" srcset=\"https:\/\/centre-mere-enfant.gvp-masar-rdc.org\/wp-content\/uploads\/2022\/08\/IMG_4563-1-1536x1152.jpg 1536w, https:\/\/centre-mere-enfant.gvp-masar-rdc.org\/wp-content\/uploads\/2022\/08\/IMG_4563-1-300x225.jpg 300w, https:\/\/centre-mere-enfant.gvp-masar-rdc.org\/wp-content\/uploads\/2022\/08\/IMG_4563-1-1024x768.jpg 1024w, https:\/\/centre-mere-enfant.gvp-masar-rdc.org\/wp-content\/uploads\/2022\/08\/IMG_4563-1-768x576.jpg 768w, https:\/\/centre-mere-enfant.gvp-masar-rdc.org\/wp-content\/uploads\/2022\/08\/IMG_4563-1-2048x1536.jpg 2048w\" sizes=\"(max-width: 1536px) 100vw, 1536px\" \/>\t\t\t\t\t\t\t\t\t\t\t\t\t\t\t<\/div>\n\t\t\t\t<\/div>\n\t\t\t\t<div class=\"elementor-element elementor-element-5333e030 elementor-widget elementor-widget-text-editor\" data-id=\"5333e030\" data-element_type=\"widget\" data-e-type=\"widget\" data-widget_type=\"text-editor.default\">\n\t\t\t\t<div class=\"elementor-widget-container\">\n\t\t\t\t\t\t\t\t\t\n<p align=\"justify\">Le service de p\u00e9diatrie g\u00e9n\u00e9rale et maladies infectieuses vous accueille au <strong>Centre M\u00e9dical M\u00e8re-Enfant<\/strong>. Le service accueille les activit\u00e9s de p\u00e9diatrie g\u00e9n\u00e9rale et plusieurs activit\u00e9s sp\u00e9cifiques dans trois types de structure de soins\u00a0:<\/p>\n\n\n\n<ul class=\"wp-block-list\">\n<li>Des lits d\u2019hospitalisation conventionnelle\u00a0;<\/li>\n<li>Des s\u00e9ances d\u2019hospitalisation de jour\u00a0;<\/li>\n<li>Des consultations m\u00e9dicales simples ou pluri-professionnelles<\/li>\n<\/ul>\n\t\t\t\t\t\t\t\t<\/div>\n\t\t\t\t<\/div>\n\t\t\t\t\t<\/div>\n\t\t<\/div>\n\t\t\t\t\t<\/div>\n\t\t<\/section>\n\t\t\t\t<\/div>\n\t\t","protected":false},"excerpt":{"rendered":"<p>Le service de p\u00e9diatrie g\u00e9n\u00e9rale et maladies infectieuses vous accueille au Centre M\u00e9dical M\u00e8re-Enfant. Le service accueille les activit\u00e9s de p\u00e9diatrie g\u00e9n\u00e9rale et plusieurs activit\u00e9s sp\u00e9cifiques dans trois types de structure de soins\u00a0: Des lits d\u2019hospitalisation conventionnelle\u00a0; Des s\u00e9ances d\u2019hospitalisation de jour\u00a0; Des consultations m\u00e9dicales simples ou pluri-professionnelles<\/p>\n","protected":false},"author":1,"featured_media":0,"parent":0,"menu_order":0,"comment_status":"closed","ping_status":"closed","template":"","meta":{"give_campaign_id":0,"om_disable_all_campaigns":false,"_monsterinsights_skip_tracking":false,"_monsterinsights_sitenote_active":false,"_monsterinsights_sitenote_note":"","_monsterinsights_sitenote_category":0,"footnotes":""},"class_list":["post-582","page","type-page","status-publish","hentry"],"aioseo_notices":[],"campaignId":"","_links":{"self":[{"href":"https:\/\/centre-mere-enfant.gvp-masar-rdc.org\/index.php\/wp-json\/wp\/v2\/pages\/582","targetHints":{"allow":["GET"]}}],"collection":[{"href":"https:\/\/centre-mere-enfant.gvp-masar-rdc.org\/index.php\/wp-json\/wp\/v2\/pages"}],"about":[{"href":"https:\/\/centre-mere-enfant.gvp-masar-rdc.org\/index.php\/wp-json\/wp\/v2\/types\/page"}],"author":[{"embeddable":true,"href":"https:\/\/centre-mere-enfant.gvp-masar-rdc.org\/index.php\/wp-json\/wp\/v2\/users\/1"}],"replies":[{"embeddable":true,"href":"https:\/\/centre-mere-enfant.gvp-masar-rdc.org\/index.php\/wp-json\/wp\/v2\/comments?post=582"}],"version-history":[{"count":5,"href":"https:\/\/centre-mere-enfant.gvp-masar-rdc.org\/index.php\/wp-json\/wp\/v2\/pages\/582\/revisions"}],"predecessor-version":[{"id":902,"href":"https:\/\/centre-mere-enfant.gvp-masar-rdc.org\/index.php\/wp-json\/wp\/v2\/pages\/582\/revisions\/902"}],"wp:attachment":[{"href":"https:\/\/centre-mere-enfant.gvp-masar-rdc.org\/index.php\/wp-json\/wp\/v2\/media?parent=582"}],"curies":[{"name":"wp","href":"https:\/\/api.w.org\/{rel}","templated":true}]}}