{"id":578,"date":"2022-08-09T19:01:11","date_gmt":"2022-08-09T19:01:11","guid":{"rendered":"https:\/\/centre-mere-enfant.gvp-masar-rdc.org\/?page_id=578"},"modified":"2022-08-18T18:23:45","modified_gmt":"2022-08-18T18:23:45","slug":"gynecologie-obstetrique","status":"publish","type":"page","link":"https:\/\/centre-mere-enfant.gvp-masar-rdc.org\/index.php\/gynecologie-obstetrique\/","title":{"rendered":"Gyn\u00e9cologie-obst\u00e9trique"},"content":{"rendered":"\t\t<div data-elementor-type=\"wp-page\" data-elementor-id=\"578\" class=\"elementor elementor-578\">\n\t\t\t\t\t\t<section class=\"elementor-section elementor-top-section elementor-element elementor-element-408eb9a2 elementor-section-boxed elementor-section-height-default elementor-section-height-default\" data-id=\"408eb9a2\" data-element_type=\"section\" data-e-type=\"section\">\n\t\t\t\t\t\t<div class=\"elementor-container elementor-column-gap-default\">\n\t\t\t\t\t<div class=\"elementor-column elementor-col-100 elementor-top-column elementor-element elementor-element-7cbf4375\" data-id=\"7cbf4375\" data-element_type=\"column\" data-e-type=\"column\">\n\t\t\t<div class=\"elementor-widget-wrap elementor-element-populated\">\n\t\t\t\t\t\t<div class=\"elementor-element elementor-element-0cfd33e elementor-widget elementor-widget-image\" data-id=\"0cfd33e\" data-element_type=\"widget\" data-e-type=\"widget\" data-widget_type=\"image.default\">\n\t\t\t\t<div class=\"elementor-widget-container\">\n\t\t\t\t\t\t\t\t\t\t\t\t\t\t\t<img fetchpriority=\"high\" decoding=\"async\" width=\"1536\" height=\"1024\" src=\"https:\/\/centre-mere-enfant.gvp-masar-rdc.org\/wp-content\/uploads\/2022\/08\/IMG_5942-1536x1024.jpg\" class=\"attachment-1536x1536 size-1536x1536 wp-image-838\" alt=\"\" srcset=\"https:\/\/centre-mere-enfant.gvp-masar-rdc.org\/wp-content\/uploads\/2022\/08\/IMG_5942-1536x1024.jpg 1536w, https:\/\/centre-mere-enfant.gvp-masar-rdc.org\/wp-content\/uploads\/2022\/08\/IMG_5942-300x200.jpg 300w, https:\/\/centre-mere-enfant.gvp-masar-rdc.org\/wp-content\/uploads\/2022\/08\/IMG_5942-1024x683.jpg 1024w, https:\/\/centre-mere-enfant.gvp-masar-rdc.org\/wp-content\/uploads\/2022\/08\/IMG_5942-768x512.jpg 768w, https:\/\/centre-mere-enfant.gvp-masar-rdc.org\/wp-content\/uploads\/2022\/08\/IMG_5942-2048x1365.jpg 2048w, https:\/\/centre-mere-enfant.gvp-masar-rdc.org\/wp-content\/uploads\/2022\/08\/IMG_5942-600x400.jpg 600w\" sizes=\"(max-width: 1536px) 100vw, 1536px\" \/>\t\t\t\t\t\t\t\t\t\t\t\t\t\t\t<\/div>\n\t\t\t\t<\/div>\n\t\t\t\t<div class=\"elementor-element elementor-element-4d038fed elementor-widget elementor-widget-text-editor\" data-id=\"4d038fed\" data-element_type=\"widget\" data-e-type=\"widget\" data-widget_type=\"text-editor.default\">\n\t\t\t\t<div class=\"elementor-widget-container\">\n\t\t\t\t\t\t\t\t\t\n<div align=\"justify\">La gyn\u00e9cologie obst\u00e9trique est d\u00e9di\u00e9e \u00e0 la sant\u00e9 et au bien-\u00eatre des femmes de tout \u00e2ge, que ce soit en dehors de la grossesse, durant la gestation ou \u00e0 l\u2019accouchement. \u00c0 cet effet, elle regroupe plusieurs disciplines dont\u00a0:\n\n<\/p>\n\n\n<strong>Gyn\u00e9cologie :<\/strong>\n<ul class=\"wp-block-list\" type=\"1\">\n \t<li>Diagnostic et prise en charge des maladies de l\u2019appareil g\u00e9nital de la femme survenant en dehors de la grossesse\u00a0;<\/li>\n \t<li>Prise en charge des maladies du sein\u00a0;<\/li>\n \t<li>Chirurgie des pathologies de l\u2019appareil g\u00e9nital f\u00e9minin et des seins, etc.<\/li>\n<\/ul><\/br>\n<strong>Obst\u00e9trique\u00a0:<\/strong>\n\n\n\n\n<ul class=\"wp-block-list\">\n \t<li>\n<p align=\"justify\">Le Centre MERE-ENFANT dispose d\u2019un obst\u00e9tricien permanent pour les surveillances pr\u00e9natales, l\u2019assistance aux accouchements, m\u00eame les accouchements provoqu\u00e9s pour des grossesses avec d\u00e9passement de terme. L\u2019\u00e9quipe m\u00e9dicale est disponible 24h\/24 pour la prise en charge des urgences en obst\u00e9trique.<\/p>\n<\/li>\n \t<li>Suivi de la grossesse de la conception \u00e0 l\u2019accouchement, et en p\u00e9riode post natale\u00a0;<\/li>\n \t<li>Maternit\u00e9\u00a0: Elle est\u00a0<strong>ouverte 24h\/24<\/strong>, avec une surveillance rigoureuse clinique et \u00e9lectronique du travail\u00a0;<\/li>\n \t<li>Diagnostic et traitement des maladies survenant en cours\u00a0de la grossesse\u00a0;<\/li>\n \t<li>Chirurgie li\u00e9e \u00e0 la grossesse\u00a0: c\u00e9sariennes ou autres complications li\u00e9es \u00e0 l\u2019accouchement, etc.<\/li>\n<\/ul>\n\t\t\t\t\t\t\t\t<\/div>\n\t\t\t\t<\/div>\n\t\t\t\t\t<\/div>\n\t\t<\/div>\n\t\t\t\t\t<\/div>\n\t\t<\/section>\n\t\t\t\t<\/div>\n\t\t","protected":false},"excerpt":{"rendered":"<p>La gyn\u00e9cologie obst\u00e9trique est d\u00e9di\u00e9e \u00e0 la sant\u00e9 et au bien-\u00eatre des femmes de tout \u00e2ge, que ce soit en dehors de la grossesse, durant la gestation ou \u00e0 l\u2019accouchement. \u00c0 cet effet, elle regroupe plusieurs disciplines dont\u00a0: Gyn\u00e9cologie : Diagnostic et prise en charge des maladies de l\u2019appareil g\u00e9nital de la femme survenant en dehors de la grossesse\u00a0; Prise&#8230;<\/p>\n","protected":false},"author":1,"featured_media":0,"parent":0,"menu_order":0,"comment_status":"closed","ping_status":"closed","template":"","meta":{"give_campaign_id":0,"om_disable_all_campaigns":false,"_monsterinsights_skip_tracking":false,"_monsterinsights_sitenote_active":false,"_monsterinsights_sitenote_note":"","_monsterinsights_sitenote_category":0,"footnotes":""},"class_list":["post-578","page","type-page","status-publish","hentry"],"aioseo_notices":[],"campaignId":"","_links":{"self":[{"href":"https:\/\/centre-mere-enfant.gvp-masar-rdc.org\/index.php\/wp-json\/wp\/v2\/pages\/578","targetHints":{"allow":["GET"]}}],"collection":[{"href":"https:\/\/centre-mere-enfant.gvp-masar-rdc.org\/index.php\/wp-json\/wp\/v2\/pages"}],"about":[{"href":"https:\/\/centre-mere-enfant.gvp-masar-rdc.org\/index.php\/wp-json\/wp\/v2\/types\/page"}],"author":[{"embeddable":true,"href":"https:\/\/centre-mere-enfant.gvp-masar-rdc.org\/index.php\/wp-json\/wp\/v2\/users\/1"}],"replies":[{"embeddable":true,"href":"https:\/\/centre-mere-enfant.gvp-masar-rdc.org\/index.php\/wp-json\/wp\/v2\/comments?post=578"}],"version-history":[{"count":19,"href":"https:\/\/centre-mere-enfant.gvp-masar-rdc.org\/index.php\/wp-json\/wp\/v2\/pages\/578\/revisions"}],"predecessor-version":[{"id":847,"href":"https:\/\/centre-mere-enfant.gvp-masar-rdc.org\/index.php\/wp-json\/wp\/v2\/pages\/578\/revisions\/847"}],"wp:attachment":[{"href":"https:\/\/centre-mere-enfant.gvp-masar-rdc.org\/index.php\/wp-json\/wp\/v2\/media?parent=578"}],"curies":[{"name":"wp","href":"https:\/\/api.w.org\/{rel}","templated":true}]}}