{"id":576,"date":"2022-08-09T18:59:47","date_gmt":"2022-08-09T18:59:47","guid":{"rendered":"https:\/\/centre-mere-enfant.gvp-masar-rdc.org\/?page_id=576"},"modified":"2022-08-18T18:59:09","modified_gmt":"2022-08-18T18:59:09","slug":"maternite","status":"publish","type":"page","link":"https:\/\/centre-mere-enfant.gvp-masar-rdc.org\/index.php\/maternite\/","title":{"rendered":"Maternit\u00e9"},"content":{"rendered":"\t\t<div data-elementor-type=\"wp-page\" data-elementor-id=\"576\" class=\"elementor elementor-576\">\n\t\t\t\t\t\t<section class=\"elementor-section elementor-top-section elementor-element elementor-element-5cbc0384 elementor-section-boxed elementor-section-height-default elementor-section-height-default\" data-id=\"5cbc0384\" data-element_type=\"section\" data-e-type=\"section\">\n\t\t\t\t\t\t<div class=\"elementor-container elementor-column-gap-default\">\n\t\t\t\t\t<div class=\"elementor-column elementor-col-100 elementor-top-column elementor-element elementor-element-54402882\" data-id=\"54402882\" data-element_type=\"column\" data-e-type=\"column\">\n\t\t\t<div class=\"elementor-widget-wrap elementor-element-populated\">\n\t\t\t\t\t\t<div class=\"elementor-element elementor-element-e7dfcd9 elementor-widget elementor-widget-image\" data-id=\"e7dfcd9\" data-element_type=\"widget\" data-e-type=\"widget\" data-widget_type=\"image.default\">\n\t\t\t\t<div class=\"elementor-widget-container\">\n\t\t\t\t\t\t\t\t\t\t\t\t\t\t\t<img fetchpriority=\"high\" decoding=\"async\" width=\"1536\" height=\"1024\" src=\"https:\/\/centre-mere-enfant.gvp-masar-rdc.org\/wp-content\/uploads\/2022\/08\/IMG_6080-1536x1024.jpg\" class=\"attachment-1536x1536 size-1536x1536 wp-image-796\" alt=\"\" srcset=\"https:\/\/centre-mere-enfant.gvp-masar-rdc.org\/wp-content\/uploads\/2022\/08\/IMG_6080-1536x1024.jpg 1536w, https:\/\/centre-mere-enfant.gvp-masar-rdc.org\/wp-content\/uploads\/2022\/08\/IMG_6080-300x200.jpg 300w, https:\/\/centre-mere-enfant.gvp-masar-rdc.org\/wp-content\/uploads\/2022\/08\/IMG_6080-1024x683.jpg 1024w, https:\/\/centre-mere-enfant.gvp-masar-rdc.org\/wp-content\/uploads\/2022\/08\/IMG_6080-768x512.jpg 768w, https:\/\/centre-mere-enfant.gvp-masar-rdc.org\/wp-content\/uploads\/2022\/08\/IMG_6080-2048x1365.jpg 2048w, https:\/\/centre-mere-enfant.gvp-masar-rdc.org\/wp-content\/uploads\/2022\/08\/IMG_6080-600x400.jpg 600w\" sizes=\"(max-width: 1536px) 100vw, 1536px\" \/>\t\t\t\t\t\t\t\t\t\t\t\t\t\t\t<\/div>\n\t\t\t\t<\/div>\n\t\t\t\t<div class=\"elementor-element elementor-element-7af3d62a elementor-widget elementor-widget-text-editor\" data-id=\"7af3d62a\" data-element_type=\"widget\" data-e-type=\"widget\" data-widget_type=\"text-editor.default\">\n\t\t\t\t<div class=\"elementor-widget-container\">\n\t\t\t\t\t\t\t\t\t\n<div align=\"justify\">\nLe Centre M\u00e9dical M\u00e8re-Enfant a toujours pr\u00e9f\u00e9r\u00e9 que les femmes accouchent dans un environnement s\u00fbr, bien \u00e9quip\u00e9 et avec l\u2019assistance d\u2019un personnel (Sage-femme) qualifi\u00e9. Avec une moyenne de 60 accouchements le mois et <strong>Un accueil 24h\/24, l<\/strong>es sages-femmes assurent en concertation avec les m\u00e9decins et l\u2019\u00e9quipe soignante votre accueil, le suivi de votre travail, votre accouchement et la surveillance du post partum imm\u00e9diat.\nLes aides-soignantes et agents des services hospitaliers font partie int\u00e9grante de l\u2019\u00e9quipe et contribuent \u00e0 l\u2019efficience et \u00e0 la qualit\u00e9 de votre prise en charge.\n\n\n\n\n\nLa Maternit\u00e9 <strong>NESTER MOYO<\/strong> du Centre M\u00e8re-Enfant propose une offre de soins diversifi\u00e9e : durant le travail sans p\u00e9ridurale, possibilit\u00e9 d\u2019adopter diff\u00e9rentes positions pour favoriser la dilatation du col et la progression de votre b\u00e9b\u00e9, accouchement sur le c\u00f4t\u00e9, respect de la physiologie et \u00e0 la maternit\u00e9 respectueux, accompagnement \u00e0 l\u2019allaitement, pratique de la peau \u00e0 peau d\u00e8s la naissance. En salle de pr\u00e9-travail : vous aurez la possibilit\u00e9 de d\u00e9ambuler, afin d\u2019am\u00e9liorer votre confort et de vous adapter aux contractions.\n\n\n\n\n\nLe secteur naissance b\u00e9n\u00e9ficie d\u2019un syst\u00e8me de surveillance personnalis\u00e9e qui permet \u00e0 l\u2019\u00e9quipe de faire votre en salle de pr\u00e9-travail ou d\u2019accouchement individuelle, vous permettant ainsi de conserver des moments d\u2019intimit\u00e9 en toute s\u00e9curit\u00e9. <strong>Si vous avez un projet de naissance, nous vous invitons \u00e0 le pr\u00e9senter aux membres de l\u2019\u00e9quipe afin d\u2019\u00e9changer sur vos souhaits durant le s\u00e9jour \u00e0 la Maternit\u00e9<\/strong>. N\u2019h\u00e9sitez pas \u00e0 formuler vos questions et vos demandes.\n\n\t\t\t\t\t\t\t\t<\/div>\n\t\t\t\t<\/div>\n\t\t\t\t\t<\/div>\n\t\t<\/div>\n\t\t\t\t\t<\/div>\n\t\t<\/section>\n\t\t\t\t<\/div>\n\t\t","protected":false},"excerpt":{"rendered":"<p>Le Centre M\u00e9dical M\u00e8re-Enfant a toujours pr\u00e9f\u00e9r\u00e9 que les femmes accouchent dans un environnement s\u00fbr, bien \u00e9quip\u00e9 et avec l\u2019assistance d\u2019un personnel (Sage-femme) qualifi\u00e9. Avec une moyenne de 60 accouchements le mois et Un accueil 24h\/24, les sages-femmes assurent en concertation avec les m\u00e9decins et l\u2019\u00e9quipe soignante votre accueil, le suivi de votre travail, votre accouchement et la surveillance du&#8230;<\/p>\n","protected":false},"author":1,"featured_media":0,"parent":0,"menu_order":0,"comment_status":"closed","ping_status":"closed","template":"","meta":{"give_campaign_id":0,"om_disable_all_campaigns":false,"_monsterinsights_skip_tracking":false,"_monsterinsights_sitenote_active":false,"_monsterinsights_sitenote_note":"","_monsterinsights_sitenote_category":0,"footnotes":""},"class_list":["post-576","page","type-page","status-publish","hentry"],"aioseo_notices":[],"campaignId":"","_links":{"self":[{"href":"https:\/\/centre-mere-enfant.gvp-masar-rdc.org\/index.php\/wp-json\/wp\/v2\/pages\/576","targetHints":{"allow":["GET"]}}],"collection":[{"href":"https:\/\/centre-mere-enfant.gvp-masar-rdc.org\/index.php\/wp-json\/wp\/v2\/pages"}],"about":[{"href":"https:\/\/centre-mere-enfant.gvp-masar-rdc.org\/index.php\/wp-json\/wp\/v2\/types\/page"}],"author":[{"embeddable":true,"href":"https:\/\/centre-mere-enfant.gvp-masar-rdc.org\/index.php\/wp-json\/wp\/v2\/users\/1"}],"replies":[{"embeddable":true,"href":"https:\/\/centre-mere-enfant.gvp-masar-rdc.org\/index.php\/wp-json\/wp\/v2\/comments?post=576"}],"version-history":[{"count":4,"href":"https:\/\/centre-mere-enfant.gvp-masar-rdc.org\/index.php\/wp-json\/wp\/v2\/pages\/576\/revisions"}],"predecessor-version":[{"id":868,"href":"https:\/\/centre-mere-enfant.gvp-masar-rdc.org\/index.php\/wp-json\/wp\/v2\/pages\/576\/revisions\/868"}],"wp:attachment":[{"href":"https:\/\/centre-mere-enfant.gvp-masar-rdc.org\/index.php\/wp-json\/wp\/v2\/media?parent=576"}],"curies":[{"name":"wp","href":"https:\/\/api.w.org\/{rel}","templated":true}]}}