{"id":570,"date":"2022-08-09T18:54:28","date_gmt":"2022-08-09T18:54:28","guid":{"rendered":"https:\/\/centre-mere-enfant.gvp-masar-rdc.org\/?page_id=570"},"modified":"2022-08-18T19:18:31","modified_gmt":"2022-08-18T19:18:31","slug":"laboratoire","status":"publish","type":"page","link":"https:\/\/centre-mere-enfant.gvp-masar-rdc.org\/index.php\/laboratoire\/","title":{"rendered":"Laboratoire"},"content":{"rendered":"\t\t<div data-elementor-type=\"wp-page\" data-elementor-id=\"570\" class=\"elementor elementor-570\">\n\t\t\t\t\t\t<section class=\"elementor-section elementor-top-section elementor-element elementor-element-6f74904 elementor-section-boxed elementor-section-height-default elementor-section-height-default\" data-id=\"6f74904\" data-element_type=\"section\" data-e-type=\"section\">\n\t\t\t\t\t\t<div class=\"elementor-container elementor-column-gap-default\">\n\t\t\t\t\t<div class=\"elementor-column elementor-col-100 elementor-top-column elementor-element elementor-element-49f90f7\" data-id=\"49f90f7\" data-element_type=\"column\" data-e-type=\"column\">\n\t\t\t<div class=\"elementor-widget-wrap elementor-element-populated\">\n\t\t\t\t\t\t<div class=\"elementor-element elementor-element-dae1118 elementor-widget elementor-widget-image\" data-id=\"dae1118\" data-element_type=\"widget\" data-e-type=\"widget\" data-widget_type=\"image.default\">\n\t\t\t\t<div class=\"elementor-widget-container\">\n\t\t\t\t\t\t\t\t\t\t\t\t\t\t\t<img fetchpriority=\"high\" decoding=\"async\" width=\"1536\" height=\"1024\" src=\"https:\/\/centre-mere-enfant.gvp-masar-rdc.org\/wp-content\/uploads\/2022\/08\/IMG_6054-1536x1024.jpg\" class=\"attachment-1536x1536 size-1536x1536 wp-image-794\" alt=\"\" srcset=\"https:\/\/centre-mere-enfant.gvp-masar-rdc.org\/wp-content\/uploads\/2022\/08\/IMG_6054-1536x1024.jpg 1536w, https:\/\/centre-mere-enfant.gvp-masar-rdc.org\/wp-content\/uploads\/2022\/08\/IMG_6054-300x200.jpg 300w, https:\/\/centre-mere-enfant.gvp-masar-rdc.org\/wp-content\/uploads\/2022\/08\/IMG_6054-1024x683.jpg 1024w, https:\/\/centre-mere-enfant.gvp-masar-rdc.org\/wp-content\/uploads\/2022\/08\/IMG_6054-768x512.jpg 768w, https:\/\/centre-mere-enfant.gvp-masar-rdc.org\/wp-content\/uploads\/2022\/08\/IMG_6054-2048x1365.jpg 2048w, https:\/\/centre-mere-enfant.gvp-masar-rdc.org\/wp-content\/uploads\/2022\/08\/IMG_6054-600x400.jpg 600w\" sizes=\"(max-width: 1536px) 100vw, 1536px\" \/>\t\t\t\t\t\t\t\t\t\t\t\t\t\t\t<\/div>\n\t\t\t\t<\/div>\n\t\t\t\t<div class=\"elementor-element elementor-element-2c2eb3b elementor-widget elementor-widget-text-editor\" data-id=\"2c2eb3b\" data-element_type=\"widget\" data-e-type=\"widget\" data-widget_type=\"text-editor.default\">\n\t\t\t\t<div class=\"elementor-widget-container\">\n\t\t\t\t\t\t\t\t\t<div align=\"justify\">Sachant que le laboratoire d\u2019analyses biologiques est l\u2019un des services piliers de notre structure m\u00e9dicale et a pour but de\u00a0fournir des r\u00e9sultats fiables et exacts pour l\u2019orientation du diagnostic. L\u2019exactitude des analyses doit \u00eatre telle qu\u2019elles puissent \u00eatre utilis\u00e9es pour l\u2019objectif de pr\u00e9l\u00e8vement initial. Pour cela, la qualit\u00e9 doit primer \u00e0 toutes les \u00e9tapes de l\u2019analyse m\u00e9dicale\u00a0; Voil\u00e0 pourquoi le <strong>Centre M\u00e9dical M\u00e8re-Enfant<\/strong> dispose des techniciens de laboratoire hautement sp\u00e9cialis\u00e9s et form\u00e9s dans des meilleures universit\u00e9s. En plus, nous tenons \u00e0 informer au public que notre laboratoire d\u2019analyse m\u00e9dicale est \u00e9quip\u00e9 des mat\u00e9riels modernes et est ouvert 24h\/24 7j\/7.\t\t\t\t\t\t\t\t<\/div>\n\t\t\t\t<\/div>\n\t\t\t\t\t<\/div>\n\t\t<\/div>\n\t\t\t\t\t<\/div>\n\t\t<\/section>\n\t\t\t\t<\/div>\n\t\t","protected":false},"excerpt":{"rendered":"<p>Sachant que le laboratoire d\u2019analyses biologiques est l\u2019un des services piliers de notre structure m\u00e9dicale et a pour but de\u00a0fournir des r\u00e9sultats fiables et exacts pour l\u2019orientation du diagnostic. L\u2019exactitude des analyses doit \u00eatre telle qu\u2019elles puissent \u00eatre utilis\u00e9es pour l\u2019objectif de pr\u00e9l\u00e8vement initial. Pour cela, la qualit\u00e9 doit primer \u00e0 toutes les \u00e9tapes de l\u2019analyse m\u00e9dicale\u00a0; Voil\u00e0 pourquoi le&#8230;<\/p>\n","protected":false},"author":1,"featured_media":0,"parent":0,"menu_order":0,"comment_status":"closed","ping_status":"closed","template":"","meta":{"give_campaign_id":0,"om_disable_all_campaigns":false,"_monsterinsights_skip_tracking":false,"_monsterinsights_sitenote_active":false,"_monsterinsights_sitenote_note":"","_monsterinsights_sitenote_category":0,"footnotes":""},"class_list":["post-570","page","type-page","status-publish","hentry"],"aioseo_notices":[],"campaignId":"","_links":{"self":[{"href":"https:\/\/centre-mere-enfant.gvp-masar-rdc.org\/index.php\/wp-json\/wp\/v2\/pages\/570","targetHints":{"allow":["GET"]}}],"collection":[{"href":"https:\/\/centre-mere-enfant.gvp-masar-rdc.org\/index.php\/wp-json\/wp\/v2\/pages"}],"about":[{"href":"https:\/\/centre-mere-enfant.gvp-masar-rdc.org\/index.php\/wp-json\/wp\/v2\/types\/page"}],"author":[{"embeddable":true,"href":"https:\/\/centre-mere-enfant.gvp-masar-rdc.org\/index.php\/wp-json\/wp\/v2\/users\/1"}],"replies":[{"embeddable":true,"href":"https:\/\/centre-mere-enfant.gvp-masar-rdc.org\/index.php\/wp-json\/wp\/v2\/comments?post=570"}],"version-history":[{"count":4,"href":"https:\/\/centre-mere-enfant.gvp-masar-rdc.org\/index.php\/wp-json\/wp\/v2\/pages\/570\/revisions"}],"predecessor-version":[{"id":875,"href":"https:\/\/centre-mere-enfant.gvp-masar-rdc.org\/index.php\/wp-json\/wp\/v2\/pages\/570\/revisions\/875"}],"wp:attachment":[{"href":"https:\/\/centre-mere-enfant.gvp-masar-rdc.org\/index.php\/wp-json\/wp\/v2\/media?parent=570"}],"curies":[{"name":"wp","href":"https:\/\/api.w.org\/{rel}","templated":true}]}}